{"id":180,"date":"2023-03-28T04:34:07","date_gmt":"2023-03-28T04:34:07","guid":{"rendered":"https:\/\/cozystay.loftocean.com\/apartment\/?page_id=180"},"modified":"2024-10-03T20:17:17","modified_gmt":"2024-10-03T20:17:17","slug":"about-the-hotel","status":"publish","type":"page","link":"https:\/\/selfiecavehotelscappadocia.com\/tr\/about-the-hotel\/","title":{"rendered":"Hakk\u0131m\u0131zda"},"content":{"rendered":"<div data-elementor-type=\"wp-page\" data-elementor-id=\"180\" class=\"elementor elementor-180\" data-elementor-post-type=\"page\">\n\t\t\t\t\t\t<section class=\"elementor-section elementor-top-section elementor-element elementor-element-38b8f755 elementor-section-height-min-height cs-section-content-fullwidth cs-parallax-on-scroll cs_scroll_y_100 elementor-section-boxed elementor-section-height-default elementor-section-items-middle\" data-id=\"38b8f755\" data-element_type=\"section\" data-settings=\"{&quot;background_background&quot;:&quot;classic&quot;}\" data-cs-parallax-y=\"100\" style=\"background-image: none;\" data-cs-background-image=\"https:\/\/selfiecavehotelscappadocia.com\/wp-content\/uploads\/2024\/10\/selfie_cave_hotels_cappadocia_hakkimizda.jpg\">\n\t\t\t\t\t\t\t<div class=\"elementor-background-overlay\"><\/div>\n\t\t\t\t\t\t\t<div class=\"elementor-container elementor-column-gap-no\">\n\t\t\t\t\t<div class=\"elementor-column elementor-col-100 elementor-top-column elementor-element elementor-element-3b5053b dark-color\" data-id=\"3b5053b\" data-element_type=\"column\">\n\t\t\t<div class=\"elementor-widget-wrap elementor-element-populated\">\n\t\t\t\t\t\t<div class=\"elementor-element elementor-element-13233b53 elementor-widget elementor-widget-cs_title\" data-id=\"13233b53\" data-element_type=\"widget\" data-widget_type=\"cs_title.default\">\n\t\t\t\t<div class=\"elementor-widget-container\">\n\t\t\t\t\t\n        <div class=\"cs-title-wrap text-center\">\t            <h1 class=\"cs-title\">\n\t                Hakk\u0131m\u0131zda\t            <\/h1>        <\/div>\t\t\t\t<\/div>\n\t\t\t\t<\/div>\n\t\t\t\t\t<\/div>\n\t\t<\/div>\n\t\t\t\t\t<\/div>\n\t\t<\/section>\n\t\t\t\t<section class=\"elementor-section elementor-top-section elementor-element elementor-element-52d1c22f cs-section-content-fullwidth elementor-section-content-middle elementor-section-boxed elementor-section-height-default elementor-section-height-default\" data-id=\"52d1c22f\" data-element_type=\"section\" data-settings=\"{&quot;background_background&quot;:&quot;classic&quot;}\">\n\t\t\t\t\t\t<div class=\"elementor-container elementor-column-gap-no\">\n\t\t\t\t\t<div class=\"elementor-column elementor-col-100 elementor-top-column elementor-element elementor-element-1697b32c\" data-id=\"1697b32c\" data-element_type=\"column\">\n\t\t\t<div class=\"elementor-widget-wrap elementor-element-populated\">\n\t\t\t\t\t\t<div class=\"elementor-element elementor-element-edbdfca cs-animation-small-offset elementor-invisible elementor-widget elementor-widget-cs_fancy_card\" data-id=\"edbdfca\" data-element_type=\"widget\" data-settings=\"{&quot;_animation&quot;:&quot;fadeInLeft&quot;,&quot;_animation_delay&quot;:200,&quot;_animation_tablet&quot;:&quot;fadeInUp&quot;}\" data-widget_type=\"cs_fancy_card.default\">\n\t\t\t\t<div class=\"elementor-widget-container\">\n\t\t\t\t\t\n\t\t<div class=\"cs-fancy-card style-1 layout-row text-left\">\n            <div class=\"cs-fc-wrap\">\t               \t<div class=\"cs-fc-img\">\n\t                    <img decoding=\"async\" src=\"https:\/\/selfiecavehotelscappadocia.com\/wp-content\/uploads\/elementor\/thumbs\/selfie-cave-hotels-hakkimizda-qv10est4cv7a60dpfjuhvz08o2g5ci3afep80u9fbg.jpg\" title=\"selfie-cave-hotels-hakkimizda\" alt=\"selfie-cave-hotels-hakkimizda\" loading=\"lazy\" \/>\t                <\/div>\n                <div class=\"cs-fc-content\">\t\t\t            <h5 class=\"cs-fc-title cs-title\">\n\t\t\t                Selfie Cave\nHotels Cappadocia\t\t\t            <\/h5>\t\t\t            <div class=\"cs-fc-text\">\n\t\t\t                <p>Selfie Cave Hotels Cappadocia U\u00e7hisar Kalesi\u2019nin eteklerinde, G\u00f6reme, K\u0131z\u0131l Vadi ve G\u00fcvercinlik Vadisi\u2019nin nefes kesici manzaras\u0131na hakim bir konum \u00fczerindedir. \u0130\u00e7inde bulundurdu\u011fu binlerce y\u0131ll\u0131k peribacas\u0131n\u0131n muhte\u015fem tarihini hissedebilece\u011finiz ma\u011fara odalar\u0131 ve buna e\u015flik eden ta\u015f evleriyle otelimiz birbirinden farkl\u0131 toplam 15 odas\u0131 ile size daha \u00f6nce ya\u015famad\u0131\u011f\u0131n\u0131z e\u015fsiz bir deneyim vaad ediyor.<\/p><p>\u00a0<\/p><p>Teras\u0131ndan Kapadokya\u2019n\u0131n masals\u0131 g\u00fczelli\u011fini izlerken i\u00e7 dizayn\u0131 ile kendinizi nostaljinin dingin ruhuna b\u0131rak\u0131p modern dokunu\u015flarla \u015f\u0131martacaks\u0131n\u0131z.<\/p><p>\u00a0<\/p><p>Otelimiz Unesco\u2019nun D\u00fcnya Miras\u0131 Listesi\u2019nde yer alan G\u00f6reme A\u00e7\u0131k Hava M\u00fczesine 4 km, Nev\u015fehir Havaliman\u0131na 30km,Kayseri Erkilet Havaliman\u0131na 60 km uzakl\u0131ktad\u0131r.<\/p>\t\t\t            <\/div>\t\t\t\t<\/div>\n            <\/div>\n        <\/div>\t\t\t\t<\/div>\n\t\t\t\t<\/div>\n\t\t\t\t\t<\/div>\n\t\t<\/div>\n\t\t\t\t\t<\/div>\n\t\t<\/section>\n\t\t\t\t<section class=\"elementor-section elementor-top-section elementor-element elementor-element-6dbd56a cs-section-content-fullwidth elementor-section-content-middle elementor-reverse-tablet elementor-reverse-mobile elementor-section-boxed elementor-section-height-default elementor-section-height-default\" data-id=\"6dbd56a\" data-element_type=\"section\" data-settings=\"{&quot;background_background&quot;:&quot;classic&quot;}\">\n\t\t\t\t\t\t<div class=\"elementor-container elementor-column-gap-no\">\n\t\t\t\t\t<div class=\"elementor-column elementor-col-100 elementor-top-column elementor-element elementor-element-145e0db\" data-id=\"145e0db\" data-element_type=\"column\">\n\t\t\t<div class=\"elementor-widget-wrap elementor-element-populated\">\n\t\t\t\t\t\t<div class=\"elementor-element elementor-element-2bfc86f elementor-widget elementor-widget-cs_title\" data-id=\"2bfc86f\" data-element_type=\"widget\" data-widget_type=\"cs_title.default\">\n\t\t\t\t<div class=\"elementor-widget-container\">\n\t\t\t\t\t\n        <div class=\"cs-title-wrap\">\t            <h3 class=\"cs-title\">\n\t                Selfie isminin hikayesi nedir ?\n\t            <\/h3>\t            <div class=\"cs-title-text\">\n\t                <p>Bilindi\u011fi \u00fczere g\u00fcn\u00fcm\u00fcz d\u00fcnyas\u0131nda neredeyse her \u015fey sosyal medya \u00fczerinden aktif ve etkin bir \u015fekilde ilerliyor ve insanlar be\u011fendikleri t\u00fcm g\u00fczellikleri payla\u015fma iste\u011fi ile say\u0131s\u0131z selfieler \u00e7ekiyor.<\/p><p>B\u00fcy\u00fck-k\u00fc\u00e7\u00fck, gen\u00e7-ya\u015fl\u0131 her kitlenin hayat\u0131nda heves ve mutlulukla muhakkak suretle yapm\u0131\u015f oldu\u011fu bir eylem oldu\u011fu hepimiz taraf\u0131ndan bilinen bir ger\u00e7ek. Biz de bu pop\u00fcler aktiviteyi hem b\u00f6lgenin fotojenik yap\u0131s\u0131 hem de otelimizin konsepti ile harmanlay\u0131p, otelimizi tercih edecek her kitlenin be\u011fenisine sunduk ve kendimizle \u00f6zde\u015fle\u015ftirdik. B\u00f6lgeye geldi\u011finizde \u015f\u00fcphesiz her k\u00f6\u015fede Selfie \u00e7ekmek isteyece\u011finizi biliyoruz ve ayn\u0131 bilin\u00e7le otelimizde de bu iste\u011fi canl\u0131 tutuyoruz.<\/p><p>Selfie Cave Hotels Cappadocia hizmet \u00fcst\u00fc prensibi ve \u00f6zenle olu\u015fturulmu\u015f konsepti ile sizleri hayat\u0131n\u0131z\u0131n \u2018Selfie\u2019sini \u00e7ekmeye davet ediyor.<\/p>\t            <\/div>        <\/div>\t\t\t\t<\/div>\n\t\t\t\t<\/div>\n\t\t\t\t\t<\/div>\n\t\t<\/div>\n\t\t\t\t\t<\/div>\n\t\t<\/section>\n\t\t\t\t<section class=\"elementor-section elementor-top-section elementor-element elementor-element-7f0a0f8 cs-section-content-fullwidth elementor-section-content-middle elementor-reverse-tablet elementor-reverse-mobile elementor-section-boxed elementor-section-height-default elementor-section-height-default\" data-id=\"7f0a0f8\" data-element_type=\"section\" data-settings=\"{&quot;background_background&quot;:&quot;classic&quot;}\">\n\t\t\t\t\t\t<div class=\"elementor-container elementor-column-gap-no\">\n\t\t\t\t\t<div class=\"elementor-column elementor-col-100 elementor-top-column elementor-element elementor-element-d019860\" data-id=\"d019860\" data-element_type=\"column\">\n\t\t\t<div class=\"elementor-widget-wrap elementor-element-populated\">\n\t\t\t\t\t\t<div class=\"elementor-element elementor-element-cfee942 cs-animation-small-offset elementor-invisible elementor-widget elementor-widget-cs_fancy_card\" data-id=\"cfee942\" data-element_type=\"widget\" data-settings=\"{&quot;_animation&quot;:&quot;fadeInLeft&quot;,&quot;_animation_delay&quot;:200,&quot;_animation_tablet&quot;:&quot;fadeInUp&quot;}\" data-widget_type=\"cs_fancy_card.default\">\n\t\t\t\t<div class=\"elementor-widget-container\">\n\t\t\t\t\t\n\t\t<div class=\"cs-fancy-card style-1 layout-row order-reverse text-left\">\n            <div class=\"cs-fc-wrap\">\t               \t<div class=\"cs-fc-img\">\n\t                    <img fetchpriority=\"high\" decoding=\"async\" width=\"780\" height=\"634\" src=\"https:\/\/selfiecavehotelscappadocia.com\/wp-content\/uploads\/2024\/10\/selfie_cave_hotels_cappadocia_kahvalti-780x634.jpg\" class=\"attachment-cozystay_780x9999 size-cozystay_780x9999 wp-image-1908\" alt=\"\" srcset=\"https:\/\/selfiecavehotelscappadocia.com\/wp-content\/uploads\/2024\/10\/selfie_cave_hotels_cappadocia_kahvalti-780x634.jpg 780w, https:\/\/selfiecavehotelscappadocia.com\/wp-content\/uploads\/2024\/10\/selfie_cave_hotels_cappadocia_kahvalti-300x244.jpg 300w, https:\/\/selfiecavehotelscappadocia.com\/wp-content\/uploads\/2024\/10\/selfie_cave_hotels_cappadocia_kahvalti-768x625.jpg 768w, https:\/\/selfiecavehotelscappadocia.com\/wp-content\/uploads\/2024\/10\/selfie_cave_hotels_cappadocia_kahvalti-600x488.jpg 600w, https:\/\/selfiecavehotelscappadocia.com\/wp-content\/uploads\/2024\/10\/selfie_cave_hotels_cappadocia_kahvalti-550x447.jpg 550w, https:\/\/selfiecavehotelscappadocia.com\/wp-content\/uploads\/2024\/10\/selfie_cave_hotels_cappadocia_kahvalti-370x301.jpg 370w, https:\/\/selfiecavehotelscappadocia.com\/wp-content\/uploads\/2024\/10\/selfie_cave_hotels_cappadocia_kahvalti-255x207.jpg 255w, https:\/\/selfiecavehotelscappadocia.com\/wp-content\/uploads\/2024\/10\/selfie_cave_hotels_cappadocia_kahvalti.jpg 900w\" sizes=\"(max-width: 780px) 100vw, 780px\" \/>\t                <\/div>\n                <div class=\"cs-fc-content\">\t\t\t            <h5 class=\"cs-fc-title cs-title\">\n\t\t\t                Kahvalt\u0131y\u0131 Selfie\u2019de yapmal\u0131s\u0131n\u0131z ! Neden mi?\n\t\t\t            <\/h5>\t\t\t            <div class=\"cs-fc-text\">\n\t\t\t                <p>Kapadokya\u2019da g\u00fcne ba\u015flamak demek g\u00f6ky\u00fcz\u00fcnde ku\u015f misali s\u00fcz\u00fclen balonlar\u0131 seyrederken do\u011fan\u0131n par\u00e7as\u0131 oldu\u011funuzu hissetmek demektir. G\u00fcne b\u00f6yle muhte\u015fem bir ba\u015flang\u0131ca bizce ancak mutlulukla ta\u00e7land\u0131r\u0131lacak bir kahvalt\u0131 yak\u0131\u015f\u0131r.<\/p><p>\u00a0<\/p><p>Cemal S\u00fcreya\u2019n\u0131n \u015fiirinde s\u00f6yledi\u011fi gibi \u2018Yemek yemek \u00fcst\u00fcne ne d\u00fc\u015f\u00fcn\u00fcrs\u00fcn\u00fcz bilmem ama kahvalt\u0131n\u0131n mutlulukla bir ilgisi olmal\u0131.\u2019<\/p><p>\u00a0<\/p><p>Tam da bu prensiple do\u011fall\u0131\u011fa ve lezzete \u00e7ok \u00f6nem veriyoruz. \u0130nce eleyip s\u0131k dokuyarak yeni tatlar pe\u015finde ko\u015fuyoruz.<\/p><p>Selfie kahvalt\u0131s\u0131nda en taze tatlar en do\u011fal kahvalt\u0131l\u0131klarla bulu\u015fup keyifli bir g\u00fcne ba\u015flang\u0131\u00e7 i\u00e7in sizi bekliyor.<\/p>\t\t\t            <\/div>\t\t\t\t<\/div>\n            <\/div>\n        <\/div>\t\t\t\t<\/div>\n\t\t\t\t<\/div>\n\t\t\t\t\t<\/div>\n\t\t<\/div>\n\t\t\t\t\t<\/div>\n\t\t<\/section>\n\t\t\t\t<\/div>","protected":false},"excerpt":{"rendered":"<p>About The Hotel Selfie Cave Hotels Cappadocia At the foothills of U\u00e7hisar Castle, G\u00f6reme is located in a breathtaking view of the Red Valley and the Pigeon Valley. Our hotel offers you a unique experience like no other with its cave rooms, accompanying stone houses, and different from each other 15 rooms where you can &#8230;<\/p>","protected":false},"author":1,"featured_media":0,"parent":0,"menu_order":0,"comment_status":"closed","ping_status":"closed","template":"template-wide-content.php","meta":{"inline_featured_image":false,"cozystay_single_page_hide_site_header":"","cozystay_single_page_site_header_source":"","cozystay_single_page_custom_site_header":"0","cozystay_single_page_custom_sticky_site_header":"0","cozystay_single_page_hide_page_title":"on","cozystay_single_page_header_section_size":"","cozystay_single_page_header_background_color":"","cozystay_single_page_header_background_position_x":"center","cozystay_single_page_header_background_position_y":"center","cozystay_single_page_header_background_size":"cover","cozystay_single_page_header_background_repeat":"off","cozystay_single_page_header_background_scroll":"on","cozystay_single_page_header_text_color":"","cozystay_single_page_header_show_breadcrumb":"","cozystay_single_page_site_footer_hide_main":"","cozystay_single_custom_site_footer_main_source":"","cozystay_single_custom_site_footer_main":"0","cozystay_single_page_site_footer_hide_above":"","cozystay_single_custom_site_footer_above_source":"","cozystay_single_custom_site_footer_above":"0","cozystay_single_page_site_footer_hide_instagram":"","cozystay_single_page_site_footer_hide_bottom":"","cozystay_single_custom_mobile_menu_source":"","cozystay_single_custom_mobile_menu":"0","cozystay_single_custom_mobile_menu_animation":"","cozystay_single_custom_mobile_menu_width":"","cozystay_single_custom_mobile_menu_custom_width":375,"footnotes":""},"class_list":["post-180","page","type-page","status-publish","hentry"],"_links":{"self":[{"href":"https:\/\/selfiecavehotelscappadocia.com\/tr\/wp-json\/wp\/v2\/pages\/180","targetHints":{"allow":["GET"]}}],"collection":[{"href":"https:\/\/selfiecavehotelscappadocia.com\/tr\/wp-json\/wp\/v2\/pages"}],"about":[{"href":"https:\/\/selfiecavehotelscappadocia.com\/tr\/wp-json\/wp\/v2\/types\/page"}],"author":[{"embeddable":true,"href":"https:\/\/selfiecavehotelscappadocia.com\/tr\/wp-json\/wp\/v2\/users\/1"}],"replies":[{"embeddable":true,"href":"https:\/\/selfiecavehotelscappadocia.com\/tr\/wp-json\/wp\/v2\/comments?post=180"}],"version-history":[{"count":0,"href":"https:\/\/selfiecavehotelscappadocia.com\/tr\/wp-json\/wp\/v2\/pages\/180\/revisions"}],"wp:attachment":[{"href":"https:\/\/selfiecavehotelscappadocia.com\/tr\/wp-json\/wp\/v2\/media?parent=180"}],"curies":[{"name":"wp","href":"https:\/\/api.w.org\/{rel}","templated":true}]}}